{"id":18786,"date":"2022-11-23T11:13:46","date_gmt":"2022-11-23T16:13:46","guid":{"rendered":"https:\/\/micropigma.com\/?page_id=18786"},"modified":"2025-10-24T14:32:44","modified_gmt":"2025-10-24T18:32:44","slug":"contact-us","status":"publish","type":"page","link":"https:\/\/micropigma.com\/en\/contact-us\/","title":{"rendered":"Contact us"},"content":{"rendered":"<p>[et_pb_section fb_built=&#8221;1&#8243; custom_padding_last_edited=&#8221;on|phone&#8221; admin_label=&#8221;Footer&#8221; _builder_version=&#8221;4.18.0&#8243; use_background_color_gradient=&#8221;on&#8221; background_color_gradient_direction=&#8221;90deg&#8221; background_color_gradient_stops=&#8221;#ffffff 18%|rgba(255,255,255,0.7) 100%&#8221; background_color_gradient_overlays_image=&#8221;on&#8221; background_color_gradient_start=&#8221;#eaeaea&#8221; background_color_gradient_start_position=&#8221;40%&#8221; background_color_gradient_end=&#8221;rgba(255,255,255,0)&#8221; background_enable_image=&#8221;off&#8221; background_position=&#8221;center_left&#8221; width=&#8221;100%&#8221; max_width=&#8221;100%&#8221; max_width_tablet=&#8221;&#8221; max_width_phone=&#8221;&#8221; max_width_last_edited=&#8221;on|desktop&#8221; custom_padding=&#8221;150px||0px||false|false&#8221; custom_padding_tablet=&#8221;50px||||false|false&#8221; custom_padding_phone=&#8221;50px||||false|false&#8221; locked=&#8221;off&#8221; global_colors_info=&#8221;{}&#8221;][et_pb_row _builder_version=&#8221;4.27.4&#8243; background_size=&#8221;initial&#8221; background_position=&#8221;top_right&#8221; custom_margin=&#8221;|auto|3px|auto||&#8221; custom_padding=&#8221;|40px||40px||&#8221; border_width_all=&#8221;1px&#8221; border_color_all=&#8221;#20bdbe&#8221; locked=&#8221;off&#8221; global_colors_info=&#8221;{}&#8221;][et_pb_column type=&#8221;4_4&#8243; _builder_version=&#8221;4.16&#8243; custom_padding=&#8221;|||&#8221; global_colors_info=&#8221;{}&#8221; custom_padding__hover=&#8221;|||&#8221;][et_pb_text _builder_version=&#8221;4.18.0&#8243; header_font=&#8221;||||||||&#8221; header_2_font=&#8221;Poppins|800||on|||||&#8221; header_2_font_size=&#8221;12px&#8221; header_2_letter_spacing=&#8221;0.4em&#8221; transform_scale_tablet=&#8221;&#8221; transform_scale_phone=&#8221;&#8221; transform_scale_last_edited=&#8221;on|tablet&#8221; transform_translate=&#8221;-100px|100px&#8221; transform_translate_tablet=&#8221;0px|0px&#8221; transform_translate_phone=&#8221;&#8221; transform_translate_last_edited=&#8221;on|tablet&#8221; transform_translate_linked=&#8221;off&#8221; transform_rotate=&#8221;0deg|0deg|270deg&#8221; transform_rotate_tablet=&#8221;0deg|0deg|0deg&#8221; transform_rotate_phone=&#8221;&#8221; transform_rotate_last_edited=&#8221;on|desktop&#8221; transform_skew_tablet=&#8221;&#8221; transform_skew_phone=&#8221;&#8221; transform_skew_last_edited=&#8221;on|desktop&#8221; transform_origin=&#8221;0%|50%&#8221; transform_origin_tablet=&#8221;&#8221; transform_origin_phone=&#8221;&#8221; transform_origin_last_edited=&#8221;on|desktop&#8221; transform_styles_last_edited=&#8221;on|tablet&#8221; max_width=&#8221;280px&#8221; custom_margin=&#8221;||-60px&#8221; custom_margin_tablet=&#8221;||20px&#8221; custom_margin_phone=&#8221;&#8221; custom_margin_last_edited=&#8221;on|tablet&#8221; custom_padding=&#8221;0px|||||&#8221; transform_styles_tablet=&#8221;&#8221; transform_styles_phone=&#8221;&#8221; locked=&#8221;off&#8221; global_colors_info=&#8221;{}&#8221;]<\/p>\n<h2>book online now<\/h2>\n<p>[\/et_pb_text][et_pb_text _builder_version=&#8221;4.18.0&#8243; header_font=&#8221;||||||||&#8221; header_3_font=&#8221;Poppins|300||on|||||&#8221; header_3_font_size=&#8221;60px&#8221; header_3_line_height=&#8221;1.2em&#8221; use_background_color_gradient=&#8221;on&#8221; background_color_gradient_direction=&#8221;61deg&#8221; background_color_gradient_stops=&#8221;#ffffff 38%|rgba(255,255,255,0) 100%&#8221; max_width=&#8221;700px&#8221; custom_margin=&#8221;||-1px|-70px||&#8221; custom_margin_tablet=&#8221;0px||&#8221; custom_margin_phone=&#8221;|||-56px&#8221; custom_margin_last_edited=&#8221;on|phone&#8221; header_3_font_size_tablet=&#8221;50px&#8221; header_3_font_size_phone=&#8221;25px&#8221; header_3_font_size_last_edited=&#8221;on|phone&#8221; global_colors_info=&#8221;{}&#8221;]<\/p>\n<h3>Make an<br \/>appointment<\/h3>\n<p>[\/et_pb_text][\/et_pb_column][\/et_pb_row][\/et_pb_section][et_pb_section fb_built=&#8221;1&#8243; _builder_version=&#8221;4.18.0&#8243; _module_preset=&#8221;default&#8221; global_colors_info=&#8221;{}&#8221;][et_pb_row _builder_version=&#8221;4.18.0&#8243; _module_preset=&#8221;default&#8221; custom_padding=&#8221;||150px||false|false&#8221; global_colors_info=&#8221;{}&#8221;][et_pb_column type=&#8221;4_4&#8243; _builder_version=&#8221;4.18.0&#8243; _module_preset=&#8221;default&#8221; global_colors_info=&#8221;{}&#8221;][et_pb_contact_form use_spam_service=&#8221;on&#8221; recaptcha_list=&#8221;Micropigma|Micropigma-0&#8243; email=&#8221;tammygagnon@micropigma.com&#8221; custom_message=&#8221;\ud83d\udcdd Nouvelle demande de rendez-vous||et_pb_line_break_holder||||et_pb_line_break_holder||\ud83d\udc64 Nom : %%Nom%%||et_pb_line_break_holder||\ud83d\udce7 Courriel : %%Courriel%%||et_pb_line_break_holder||\ud83d\udcf1 T\u00e9l\u00e9phone : %%T\u00e9l\u00e9phone%%||et_pb_line_break_holder||\ud83d\udcbc Service : %%Service%%||et_pb_line_break_holder||\ud83d\udd52 Date\/Heure souhait\u00e9es : %%Date\/Heure%%||et_pb_line_break_holder||||et_pb_line_break_holder||\ud83d\udcac Message : %%Message%%&#8221; success_message=&#8221;Thank you! Your request has been sent. We\u2019ll get back to you as soon as possible and will do our best to offer an appointment as close as possible to your preferred dates.&#8221; submit_button_text=&#8221;Send&#8221; disabled_on=&#8221;off|off|off&#8221; admin_label=&#8221;Formulaire de prise de rendez-vous&#8221; _builder_version=&#8221;4.27.4&#8243; _module_preset=&#8221;default&#8221; _unique_id=&#8221;b0e85f00-3394-4f71-ada6-b81c7aed9f43&#8243; custom_css_free_form=&#8221;\/* FORMULAIRE G\u00c9N\u00c9RAL *\/||.et_pb_contact_form_container {||  background:   #d0f0e7;;||  border: 1px solid #d3e7e6;||  border-radius: 18px;||  padding: 50px 30px;||  margin: 40px auto;||  font-family: &#8216;Segoe UI&#8217;, sans-serif;||  color: #222;||  box-shadow: 0 8px 24px rgba(0, 0, 0, 0.04);||}||||\/* TITRES ET LABELS *\/||.et_pb_contact_form_label {||  font-weight: 600;||  font-size: 14px;||  color: #244b4b;||  margin-bottom: 6px;||  display: block;||}||||\/* CHAMPS : INPUT, TEXTAREA, SELECT *\/||.et_pb_contact input%91type=%22text%22%93,||.et_pb_contact input%91type=%22email%22%93,||.et_pb_contact textarea,||.et_pb_contact select {||  width: 100%;||  padding: 13px 16px;||  font-size: 15px;||  border-radius: 10px;||  background-color: #ffffff;||  color: #333;||  border: 1px solid #3eb7b0;||  box-shadow: none;||  transition: all 0.3s ease;||  margin-bottom: 25px;||}||||\/* Garder le style focus en permanence *\/||.et_pb_contact input,||.et_pb_contact textarea,||.et_pb_contact select {||  box-shadow: 0 0 0 3px rgba(62, 183, 176, 0.2);||}||||\/* SP\u00c9CIFIQUE AU SELECT *\/||.et_pb_contact select {||  max-width: 100%;||  height: auto;||  appearance: none;||  -webkit-appearance: none;||  -moz-appearance: none;||  background-image: url(%22data:image\/svg+xml;charset=US-ASCII,%3Csvg%20width%3D%2211%22%20height%3D%227%22%20viewBox%3D%220%200%2011%207%22%20xmlns%3D%22http%3A\/\/www.w3.org\/2000\/svg%22%3E%3Cpath%20d%3D%22M5.5%207L0%200h11z%22%20fill%3D%22%233eb7b0%22\/%3E%3C\/svg%3E%22);||  background-repeat: no-repeat;||  background-position: right 12px center;||  background-size: 11px 7px;||  padding-right: 30px;||}||||\/* BOUTON ENVOYER *\/||.et_pb_contact_submit {||  background-color: #3eb7b0;||  color: white !important;||  font-size: 16px;||  font-weight: bold;||  padding: 14px 34px;||  border-radius: 12px;||  border: none;||  box-shadow: none;||  transition: none;||}||||\/* Supprimer tous les effets au hover du bouton *\/||.et_pb_contact_submit:hover,||.et_pb_contact_submit:focus {||  background-color: #3eb7b0 !important;||  transform: none !important;||  box-shadow: none !important;|| \tpadding: 14px 34px !important;||}||||||.et_pb_contact_captcha {||  width: 60px;||  padding: 10px;||  border-radius: 8px;||  border: 1px solid #3eb7b0;||  background: #fff;||  box-shadow: 0 0 0 3px rgba(62, 183, 176, 0.2);||  margin-left: 8px;||}||||\/* MESSAGE DE SUCC\u00c8S *\/||.et-pb-contact-message {||  background-color: #d2f1ee;||  border-left: 4px solid #3eb7b0;||  color: #1a3d3b;||  font-weight: 500;||  padding: 14px 20px;||  border-radius: 8px;||  margin-bottom: 25px;||}||||\/* RESPONSIVE *\/||@media (max-width: 768px) {||  .et_pb_contact_form_container {||    padding: 30px 20px;||  }||}||@media (max-width: 768px) {||  .et_contact_bottom_container {||    display: flex;||    justify-content: flex-end; \/* Aligne le contenu \u00e0 droite *\/||    align-items: center;||    flex-wrap: wrap;||    text-align: right;||    margin-top: 8px;||  }||}&#8221; locked=&#8221;off&#8221; global_colors_info=&#8221;{}&#8221;][et_pb_contact_field field_id=&#8221;Nom&#8221; field_title=&#8221;Name&#8221; _builder_version=&#8221;4.27.4&#8243; global_colors_info=&#8221;{}&#8221; button_text_size__hover_enabled=&#8221;off&#8221; button_one_text_size__hover_enabled=&#8221;off&#8221; button_two_text_size__hover_enabled=&#8221;off&#8221; button_text_color__hover_enabled=&#8221;off&#8221; button_one_text_color__hover_enabled=&#8221;off&#8221; button_two_text_color__hover_enabled=&#8221;off&#8221; button_border_width__hover_enabled=&#8221;off&#8221; button_one_border_width__hover_enabled=&#8221;off&#8221; button_two_border_width__hover_enabled=&#8221;off&#8221; button_border_color__hover_enabled=&#8221;off&#8221; button_one_border_color__hover_enabled=&#8221;off&#8221; button_two_border_color__hover_enabled=&#8221;off&#8221; button_border_radius__hover_enabled=&#8221;off&#8221; button_one_border_radius__hover_enabled=&#8221;off&#8221; button_two_border_radius__hover_enabled=&#8221;off&#8221; button_letter_spacing__hover_enabled=&#8221;off&#8221; button_one_letter_spacing__hover_enabled=&#8221;off&#8221; button_two_letter_spacing__hover_enabled=&#8221;off&#8221; button_bg_color__hover_enabled=&#8221;off&#8221; button_one_bg_color__hover_enabled=&#8221;off&#8221; button_two_bg_color__hover_enabled=&#8221;off&#8221;][\/et_pb_contact_field][et_pb_contact_field field_id=&#8221;Courriel&#8221; field_title=&#8221;Email address&#8221; field_type=&#8221;email&#8221; _builder_version=&#8221;4.27.4&#8243; global_colors_info=&#8221;{}&#8221; button_text_size__hover_enabled=&#8221;off&#8221; button_one_text_size__hover_enabled=&#8221;off&#8221; button_two_text_size__hover_enabled=&#8221;off&#8221; button_text_color__hover_enabled=&#8221;off&#8221; button_one_text_color__hover_enabled=&#8221;off&#8221; button_two_text_color__hover_enabled=&#8221;off&#8221; button_border_width__hover_enabled=&#8221;off&#8221; button_one_border_width__hover_enabled=&#8221;off&#8221; button_two_border_width__hover_enabled=&#8221;off&#8221; button_border_color__hover_enabled=&#8221;off&#8221; button_one_border_color__hover_enabled=&#8221;off&#8221; button_two_border_color__hover_enabled=&#8221;off&#8221; button_border_radius__hover_enabled=&#8221;off&#8221; button_one_border_radius__hover_enabled=&#8221;off&#8221; button_two_border_radius__hover_enabled=&#8221;off&#8221; button_letter_spacing__hover_enabled=&#8221;off&#8221; button_one_letter_spacing__hover_enabled=&#8221;off&#8221; button_two_letter_spacing__hover_enabled=&#8221;off&#8221; button_bg_color__hover_enabled=&#8221;off&#8221; button_one_bg_color__hover_enabled=&#8221;off&#8221; button_two_bg_color__hover_enabled=&#8221;off&#8221;][\/et_pb_contact_field][et_pb_contact_field field_id=&#8221;T\u00e9l\u00e9phone&#8221; field_title=&#8221;Phone&#8221; fullwidth_field=&#8221;on&#8221; _builder_version=&#8221;4.27.4&#8243; _module_preset=&#8221;default&#8221; global_colors_info=&#8221;{}&#8221;][\/et_pb_contact_field][et_pb_contact_field field_id=&#8221;Service&#8221; field_title=&#8221;Service type&#8221; field_type=&#8221;select&#8221; select_options=&#8221;%91{%22value%22:%22Micropigma &#038; Hilton Experience (Permanent Makeup + Hilton Stay)%22,%22checked%22:0,%22dragID%22:-1},{%22value%22:%22Scalp Micropigmentation%22,%22checked%22:0,%22dragID%22:0},{%22value%22:%22Full lip micropigmentation%22,%22checked%22:0,%22dragID%22:1},{%22value%22:%22Lip contour micropigmentation%22,%22checked%22:0,%22dragID%22:2},{%22value%22:%22Eyebrow micropigmentation%22,%22checked%22:0,%22dragID%22:4},{%22value%22:%22Upper eyelid micropigmentation%22,%22checked%22:0,%22dragID%22:3},{%22value%22:%22Upper and lower eyelid micropigmentation%22,%22checked%22:0,%22dragID%22:5},{%22value%22:%22Lower eyelid micropigmentation%22,%22checked%22:0,%22dragID%22:6},{%22value%22:%22Areola micropigmentation (both areolas)%22,%22checked%22:0,%22dragID%22:7},{%22value%22:%22Areola micropigmentation (one areola)%22,%22checked%22:0,%22dragID%22:8},{%22value%22:%22Corrective micropigmentation or scar camouflage%22,%22checked%22:0,%22dragID%22:9},{%22value%22:%22Tattoo removal%22,%22checked%22:0,%22dragID%22:10},{%22value%22:%22Touch-up \/ Adjustment%22,%22checked%22:0,%22dragID%22:11},{%22value%22:%22Other (mention your request in the message section)%22,%22checked%22:0,%22dragID%22:12}%93&#8243; fullwidth_field=&#8221;on&#8221; _builder_version=&#8221;4.27.4&#8243; _module_preset=&#8221;default&#8221; global_colors_info=&#8221;{}&#8221;][\/et_pb_contact_field][et_pb_contact_field field_id=&#8221;Date\/Heure&#8221; field_title=&#8221;Preferred date &#038; time (Wednesday to Friday)&#8221; max_length=&#8221;50&#8243; fullwidth_field=&#8221;on&#8221; _builder_version=&#8221;4.27.4&#8243; _module_preset=&#8221;default&#8221; global_colors_info=&#8221;{}&#8221;][\/et_pb_contact_field][et_pb_contact_field field_id=&#8221;Message&#8221; field_title=&#8221;Message&#8221; field_type=&#8221;text&#8221; fullwidth_field=&#8221;on&#8221; _builder_version=&#8221;4.27.4&#8243; global_colors_info=&#8221;{}&#8221; button_text_size__hover_enabled=&#8221;off&#8221; button_one_text_size__hover_enabled=&#8221;off&#8221; button_two_text_size__hover_enabled=&#8221;off&#8221; button_text_color__hover_enabled=&#8221;off&#8221; button_one_text_color__hover_enabled=&#8221;off&#8221; button_two_text_color__hover_enabled=&#8221;off&#8221; button_border_width__hover_enabled=&#8221;off&#8221; button_one_border_width__hover_enabled=&#8221;off&#8221; button_two_border_width__hover_enabled=&#8221;off&#8221; button_border_color__hover_enabled=&#8221;off&#8221; button_one_border_color__hover_enabled=&#8221;off&#8221; button_two_border_color__hover_enabled=&#8221;off&#8221; button_border_radius__hover_enabled=&#8221;off&#8221; button_one_border_radius__hover_enabled=&#8221;off&#8221; button_two_border_radius__hover_enabled=&#8221;off&#8221; button_letter_spacing__hover_enabled=&#8221;off&#8221; button_one_letter_spacing__hover_enabled=&#8221;off&#8221; button_two_letter_spacing__hover_enabled=&#8221;off&#8221; button_bg_color__hover_enabled=&#8221;off&#8221; button_one_bg_color__hover_enabled=&#8221;off&#8221; button_two_bg_color__hover_enabled=&#8221;off&#8221;][\/et_pb_contact_field][\/et_pb_contact_form][\/et_pb_column][\/et_pb_row][et_pb_row _builder_version=&#8221;4.27.4&#8243; _module_preset=&#8221;default&#8221;][et_pb_column _builder_version=&#8221;4.27.4&#8243; _module_preset=&#8221;default&#8221; type=&#8221;4_4&#8243;][et_pb_code _builder_version=&#8221;4.27.4&#8243; _module_preset=&#8221;default&#8221; hover_enabled=&#8221;0&#8243; sticky_enabled=&#8221;0&#8243;]<script><!-- [et_pb_line_break_holder] -->document.addEventListener(\"DOMContentLoaded\", function() {<!-- [et_pb_line_break_holder] -->  const form = document.querySelector(\"#et_pb_contact_form_0\");<!-- [et_pb_line_break_holder] -->  const select = document.querySelector(\"#et_pb_contact_service_0\");<!-- [et_pb_line_break_holder] --><!-- [et_pb_line_break_holder] -->  if (!form || !select) return;<!-- [et_pb_line_break_holder] --><!-- [et_pb_line_break_holder] -->  form.addEventListener(\"submit\", function() {<!-- [et_pb_line_break_holder] -->    const observer = new MutationObserver(() => {<!-- [et_pb_line_break_holder] -->      const successBox = form.querySelector(\".et-pb-contact-message p\");<!-- [et_pb_line_break_holder] -->      if (successBox && successBox.innerText.includes(\"successfully\")) { <!-- [et_pb_line_break_holder] -->        const selectedValue = select.value.trim();<!-- [et_pb_line_break_holder] -->        const target = \"Micropigma & Hilton Experience (permanent makeup + stay at Hilton)\";<!-- [et_pb_line_break_holder] -->        if (selectedValue === target) {<!-- [et_pb_line_break_holder] -->          successBox.innerHTML = `<!-- [et_pb_line_break_holder] -->            \ud83d\udc8e <strong>Micropigma x Hilton Lac-Leamy Experience<\/strong><!\u2013- [et_pb_br_holder] -\u2013><!\u2013- [et_pb_br_holder] -\u2013><!-- [et_pb_line_break_holder] -->            Thank you for your request!<!\u2013- [et_pb_br_holder] -\u2013><!\u2013- [et_pb_br_holder] -\u2013><!-- [et_pb_line_break_holder] -->            You\u2019re eligible for an exclusive partner discount on your stay at the Hilton Lac-Leamy.<!\u2013- [et_pb_br_holder] -\u2013><!\u2013- [et_pb_br_holder] -\u2013><!-- [et_pb_line_break_holder] -->            <strong>Please keep the following link<\/strong> to book your room at the reduced partner rate once your appointment is confirmed:<!\u2013- [et_pb_br_holder] -\u2013><!\u2013- [et_pb_br_holder] -\u2013><!-- [et_pb_line_break_holder] -->            \ud83d\udd17 <a href=\"https:\/\/www.hilton.com\/en\/book\/reservation\/deeplink\/?ctyhocn=YOWOVHF&amp;corporateCode=3522806\" target=\"_blank\">Book your Hilton Lac-Leamy stay here<\/a><!-- [et_pb_line_break_holder] -->          `;<!-- [et_pb_line_break_holder] -->        }<!-- [et_pb_line_break_holder] -->        observer.disconnect();<!-- [et_pb_line_break_holder] -->      }<!-- [et_pb_line_break_holder] -->    });<!-- [et_pb_line_break_holder] -->    observer.observe(form, { childList: true, subtree: true });<!-- [et_pb_line_break_holder] -->  });<!-- [et_pb_line_break_holder] -->});<!-- [et_pb_line_break_holder] --><\/script><!-- [et_pb_line_break_holder] -->[\/et_pb_code][\/et_pb_column][\/et_pb_row][\/et_pb_section][et_pb_section fb_built=&#8221;1&#8243; _builder_version=&#8221;4.27.4&#8243; background_color=&#8221;#20bdbe&#8221; custom_padding=&#8221;0|0px|0|0px|true|false&#8221; global_colors_info=&#8221;{}&#8221;][et_pb_row column_structure=&#8221;1_3,1_3,1_3&#8243; use_custom_gutter=&#8221;on&#8221; make_equal=&#8221;on&#8221; custom_padding_last_edited=&#8221;on|phone&#8221; module_class=&#8221;two-columns&#8221; _builder_version=&#8221;4.16&#8243; custom_padding=&#8221;33px|0px|33px|0px|true|false&#8221; custom_padding_tablet=&#8221;&#8221; custom_padding_phone=&#8221;50px|0px|50px|0px|true|false&#8221; animation_style=&#8221;slide&#8221; animation_intensity_slide=&#8221;30%&#8221; global_colors_info=&#8221;{}&#8221;][et_pb_column type=&#8221;1_3&#8243; _builder_version=&#8221;4.16&#8243; custom_padding=&#8221;|||&#8221; global_colors_info=&#8221;{}&#8221; custom_padding__hover=&#8221;|||&#8221;][et_pb_blurb use_icon=&#8221;on&#8221; font_icon=&#8221;&#xe01e;||divi||400&#8243; icon_color=&#8221;#272726&#8243; icon_placement=&#8221;left&#8221; image_icon_width=&#8221;30px&#8221; _builder_version=&#8221;4.27.4&#8243; header_font=&#8221;Poppins|700|||||||&#8221; header_text_align=&#8221;center&#8221; header_text_color=&#8221;#297FCA&#8221; header_font_size=&#8221;20px&#8221; body_font=&#8221;Poppins|300|||||||&#8221; body_text_align=&#8221;left&#8221; body_text_color=&#8221;#272726&#8243; body_font_size=&#8221;15px&#8221; body_line_height=&#8221;2em&#8221; max_width=&#8221;270px&#8221; module_alignment=&#8221;left&#8221; custom_margin=&#8221;||0px|0px|false|false&#8221; custom_padding=&#8221;0px||0px||true|true&#8221; animation=&#8221;off&#8221; module_alignment_tablet=&#8221;left&#8221; module_alignment_phone=&#8221;center&#8221; module_alignment_last_edited=&#8221;on|phone&#8221; border_color_right=&#8221;rgba(255,255,255,0.24)&#8221; border_width_right_tablet=&#8221;0px&#8221; border_width_right_phone=&#8221;0px&#8221; border_width_right_last_edited=&#8221;on|desktop&#8221; icon_font_size=&#8221;30px&#8221; global_colors_info=&#8221;{}&#8221;]<\/p>\n<p>65 Blv. Montclair, Hull<\/p>\n<p>[\/et_pb_blurb][\/et_pb_column][et_pb_column type=&#8221;1_3&#8243; _builder_version=&#8221;4.16&#8243; custom_padding=&#8221;|||&#8221; global_colors_info=&#8221;{}&#8221; custom_padding__hover=&#8221;|||&#8221;][et_pb_blurb use_icon=&#8221;on&#8221; font_icon=&#8221;&#xe010;||divi||400&#8243; icon_color=&#8221;#272726&#8243; icon_placement=&#8221;left&#8221; image_icon_width=&#8221;30px&#8221; _builder_version=&#8221;4.18.0&#8243; header_font=&#8221;Poppins|700|||||||&#8221; header_text_align=&#8221;center&#8221; header_text_color=&#8221;#297FCA&#8221; header_font_size=&#8221;20px&#8221; body_font=&#8221;Poppins|300|||||||&#8221; body_text_align=&#8221;left&#8221; body_text_color=&#8221;#272726&#8243; body_font_size=&#8221;15px&#8221; body_line_height=&#8221;2em&#8221; body_link_text_color=&#8221;#272726&#8243; max_width=&#8221;255px&#8221; max_width_tablet=&#8221;270px&#8221; max_width_phone=&#8221;270px&#8221; max_width_last_edited=&#8221;on|phone&#8221; module_alignment=&#8221;left&#8221; custom_margin=&#8221;||0px|0px|false|false&#8221; custom_padding=&#8221;0px||0px||true|true&#8221; animation=&#8221;off&#8221; border_color_right=&#8221;rgba(255,255,255,0.24)&#8221; icon_font_size=&#8221;30px&#8221; global_colors_info=&#8221;{}&#8221;]<\/p>\n<p><a href=\"mailto:info@micropigma.com\">info@micropigma.com<\/a><\/p>\n<p>[\/et_pb_blurb][\/et_pb_column][et_pb_column type=&#8221;1_3&#8243; _builder_version=&#8221;4.16&#8243; custom_padding=&#8221;|||&#8221; global_colors_info=&#8221;{}&#8221; custom_padding__hover=&#8221;|||&#8221;][et_pb_blurb use_icon=&#8221;on&#8221; font_icon=&#8221;&#xe090;||divi||400&#8243; icon_color=&#8221;#272726&#8243; icon_placement=&#8221;left&#8221; image_icon_width=&#8221;30px&#8221; _builder_version=&#8221;4.18.0&#8243; header_font=&#8221;Poppins|700|||||||&#8221; header_text_align=&#8221;center&#8221; header_text_color=&#8221;#297FCA&#8221; header_font_size=&#8221;20px&#8221; body_font=&#8221;Poppins|300|||||||&#8221; body_text_align=&#8221;left&#8221; body_text_color=&#8221;#ffffff&#8221; body_font_size=&#8221;15px&#8221; body_line_height=&#8221;2em&#8221; body_link_text_color=&#8221;#272726&#8243; max_width=&#8221;245px&#8221; max_width_tablet=&#8221;270px&#8221; max_width_phone=&#8221;270px&#8221; max_width_last_edited=&#8221;on|phone&#8221; module_alignment=&#8221;right&#8221; custom_margin=&#8221;||0px|0px|false|false&#8221; custom_padding=&#8221;0px||0px||true|true&#8221; animation=&#8221;off&#8221; module_alignment_tablet=&#8221;left&#8221; module_alignment_phone=&#8221;center&#8221; module_alignment_last_edited=&#8221;on|phone&#8221; border_color_right=&#8221;rgba(255,255,255,0.24)&#8221; icon_font_size=&#8221;30px&#8221; global_colors_info=&#8221;{}&#8221;]<\/p>\n<p><a href=\"Tel:819%20923-1784\"><span style=\"font-weight: 400;\">819 923-1784<\/span><\/a><\/p>\n<p>[\/et_pb_blurb][\/et_pb_column][\/et_pb_row][\/et_pb_section]<\/p>\n","protected":false},"excerpt":{"rendered":"<p>book online nowMake anappointment65 Blv. Montclair, Hullinfo@micropigma.com819 923-1784<\/p>\n","protected":false},"author":1,"featured_media":0,"parent":0,"menu_order":0,"comment_status":"closed","ping_status":"closed","template":"","meta":{"_et_pb_use_builder":"on","_et_pb_old_content":"","_et_gb_content_width":"","inline_featured_image":false,"footnotes":""},"yst_prominent_words":[],"class_list":["post-18786","page","type-page","status-publish","hentry"],"_links":{"self":[{"href":"https:\/\/micropigma.com\/en\/wp-json\/wp\/v2\/pages\/18786","targetHints":{"allow":["GET"]}}],"collection":[{"href":"https:\/\/micropigma.com\/en\/wp-json\/wp\/v2\/pages"}],"about":[{"href":"https:\/\/micropigma.com\/en\/wp-json\/wp\/v2\/types\/page"}],"author":[{"embeddable":true,"href":"https:\/\/micropigma.com\/en\/wp-json\/wp\/v2\/users\/1"}],"replies":[{"embeddable":true,"href":"https:\/\/micropigma.com\/en\/wp-json\/wp\/v2\/comments?post=18786"}],"version-history":[{"count":5,"href":"https:\/\/micropigma.com\/en\/wp-json\/wp\/v2\/pages\/18786\/revisions"}],"predecessor-version":[{"id":20234,"href":"https:\/\/micropigma.com\/en\/wp-json\/wp\/v2\/pages\/18786\/revisions\/20234"}],"wp:attachment":[{"href":"https:\/\/micropigma.com\/en\/wp-json\/wp\/v2\/media?parent=18786"}],"wp:term":[{"taxonomy":"yst_prominent_words","embeddable":true,"href":"https:\/\/micropigma.com\/en\/wp-json\/wp\/v2\/yst_prominent_words?post=18786"}],"curies":[{"name":"wp","href":"https:\/\/api.w.org\/{rel}","templated":true}]}}