{"id":20146,"date":"2025-09-30T17:58:15","date_gmt":"2025-09-30T21:58:15","guid":{"rendered":"https:\/\/micropigma.com\/?page_id=20146"},"modified":"2025-09-30T18:12:08","modified_gmt":"2025-09-30T22:12:08","slug":"micropigma-experience","status":"publish","type":"page","link":"https:\/\/micropigma.com\/en\/micropigma-experience\/","title":{"rendered":"The Micropigma Experience"},"content":{"rendered":"<p>[et_pb_section fb_built=&#8221;1&#8243; fullwidth=&#8221;on&#8221; _builder_version=&#8221;4.27.4&#8243; _module_preset=&#8221;default&#8221; global_colors_info=&#8221;{}&#8221;][et_pb_fullwidth_header text_orientation=&#8221;center&#8221; header_fullscreen=&#8221;on&#8221; button_one_text=&#8221;Book Now&#8221; button_one_url=&#8221;https:\/\/micropigma.com\/en\/contact-us\/&#8221; title_tablet=&#8221;&#8221; title_phone=&#8221;&#8221; title_last_edited=&#8221;on|desktop&#8221; _builder_version=&#8221;4.27.4&#8243; _module_preset=&#8221;default&#8221; content_font=&#8221;Montserrat|700|||||||&#8221; background_image=&#8221;https:\/\/micropigma.com\/wp-content\/uploads\/2025\/09\/image_converted.webp&#8221; custom_button_one=&#8221;on&#8221; button_one_text_color=&#8221;#FFFFFF&#8221; button_one_bg_color=&#8221;#20bdbe&#8221; button_one_border_width=&#8221;0px&#8221; button_one_border_color=&#8221;#20bdbe&#8221; button_one_border_radius=&#8221;10px&#8221; button_one_letter_spacing=&#8221;2px&#8221; button_one_font=&#8221;Archivo|600|||||||&#8221; button_one_custom_margin=&#8221;150px||||false|false&#8221; button_one_custom_padding=&#8221;15px|30px|15px|30px|false|false&#8221; custom_padding=&#8221;||||false|false&#8221; hover_enabled=&#8221;0&#8243; custom_css_free_form=&#8221;@media (max-width: 768px) {|| h1 {|| font-size: 25px;|| }||}&#8221; global_colors_info=&#8221;{}&#8221; button_one_text_color__hover_enabled=&#8221;on|desktop&#8221; button_one_bg_color__hover_enabled=&#8221;on|hover&#8221; button_one_bg_color__hover=&#8221;#404041&#8243; button_one_bg_enable_color__hover=&#8221;on&#8221; button_one_text_color__hover=&#8221;#FFFFFF&#8221; sticky_enabled=&#8221;0&#8243;]<\/p>\n<h1><\/h1>\n<h1><\/h1>\n<h1>DISCOVER THE MICROPIGMA &amp; HILTON EXPERIENCE<\/h1>\n<h1><\/h1>\n<p>&nbsp;<\/p>\n<h3>Permanent Makeup + Dream Getaway<\/h3>\n<h3><br data-start=\"139\" data-end=\"142\" \/>at <strong data-start=\"145\" data-end=\"165\">Hilton Lac-Leamy<\/strong> (double occupancy)<\/h3>\n<h3><br data-start=\"184\" data-end=\"187\" \/><strong data-start=\"187\" data-end=\"226\">From $800 per guest all-inclusive<\/strong><\/h3>\n<p>[\/et_pb_fullwidth_header][\/et_pb_section][et_pb_section fb_built=&#8221;1&#8243; _builder_version=&#8221;4.27.4&#8243; _module_preset=&#8221;default&#8221; global_colors_info=&#8221;{}&#8221;][et_pb_row column_structure=&#8221;1_2,1_2&#8243; _builder_version=&#8221;4.27.4&#8243; _module_preset=&#8221;default&#8221; global_colors_info=&#8221;{}&#8221;][et_pb_column type=&#8221;1_2&#8243; _builder_version=&#8221;4.27.4&#8243; _module_preset=&#8221;default&#8221; global_colors_info=&#8221;{}&#8221;][et_pb_text _builder_version=&#8221;4.27.4&#8243; _module_preset=&#8221;default&#8221; text_font=&#8221;Montserrat||||||||&#8221; hover_enabled=&#8221;0&#8243; global_colors_info=&#8221;{}&#8221; sticky_enabled=&#8221;0&#8243;]<\/p>\n<h1><strong>A Unique Beauty &amp; Luxury Experience<\/strong><\/h1>\n<p>Experience the Micropigma &amp; Hilton collaboration: treat yourself to exceptional permanent makeup and extend your beauty journey with a memorable stay at the prestigious <strong data-start=\"327\" data-end=\"360\">Hilton at Casino du Lac-Leamy<\/strong>, complete with the comfort of a double-occupancy room.<br data-start=\"415\" data-end=\"418\" data-is-only-node=\"\" \/>Whether you\u2019re local or visiting from out of town, seize this perfect opportunity to combine beauty, relaxation, and entertainment just steps from the Casino!<\/p>\n<p>[\/et_pb_text][\/et_pb_column][et_pb_column type=&#8221;1_2&#8243; _builder_version=&#8221;4.27.4&#8243; _module_preset=&#8221;default&#8221; global_colors_info=&#8221;{}&#8221;][et_pb_image src=&#8221;https:\/\/micropigma.com\/wp-content\/uploads\/2025\/06\/logo-micropigma-optimized.webp&#8221; title_text=&#8221;logo-micropigma-optimized&#8221; align=&#8221;center&#8221; _builder_version=&#8221;4.27.4&#8243; _module_preset=&#8221;default&#8221; max_width=&#8221;200px&#8221; global_colors_info=&#8221;{}&#8221;][\/et_pb_image][et_pb_image src=&#8221;https:\/\/micropigma.com\/wp-content\/uploads\/2025\/08\/HiltonHotelsLogo.svg.png&#8221; title_text=&#8221;HiltonHotelsLogo.svg&#8221; align=&#8221;center&#8221; _builder_version=&#8221;4.27.4&#8243; _module_preset=&#8221;default&#8221; width=&#8221;150px&#8221; global_colors_info=&#8221;{}&#8221;][\/et_pb_image][\/et_pb_column][\/et_pb_row][\/et_pb_section][et_pb_section fb_built=&#8221;1&#8243; _builder_version=&#8221;4.27.4&#8243; _module_preset=&#8221;default&#8221; global_colors_info=&#8221;{}&#8221;][et_pb_row column_structure=&#8221;1_2,1_2&#8243; _builder_version=&#8221;4.27.4&#8243; _module_preset=&#8221;default&#8221; global_colors_info=&#8221;{}&#8221;][et_pb_column type=&#8221;1_2&#8243; _builder_version=&#8221;4.27.4&#8243; _module_preset=&#8221;default&#8221; global_colors_info=&#8221;{}&#8221;][et_pb_blurb title=&#8221; Permanent makeup&#8221; image=&#8221;https:\/\/micropigma.com\/wp-content\/uploads\/2025\/05\/maintenance-free-1.png&#8221; icon_placement=&#8221;left&#8221; image_icon_width=&#8221;64px&#8221; content_max_width=&#8221;180px&#8221; _builder_version=&#8221;4.27.4&#8243; _module_preset=&#8221;default&#8221; header_text_align=&#8221;center&#8221; header_line_height=&#8221;1.6em&#8221; text_orientation=&#8221;center&#8221; hover_enabled=&#8221;0&#8243; locked=&#8221;off&#8221; global_colors_info=&#8221;{}&#8221; sticky_enabled=&#8221;0&#8243;][\/et_pb_blurb][\/et_pb_column][et_pb_column type=&#8221;1_2&#8243; _builder_version=&#8221;4.27.4&#8243; _module_preset=&#8221;default&#8221; global_colors_info=&#8221;{}&#8221;][et_pb_blurb title=&#8221;Night at Hilton Lac-Leamy&#8221; image=&#8221;https:\/\/micropigma.com\/wp-content\/uploads\/2025\/09\/2efee8a8-03ee-4b6b-9f1d-4fbc80ac9fcf.png&#8221; icon_placement=&#8221;left&#8221; image_icon_width=&#8221;64px&#8221; content_max_width=&#8221;180px&#8221; _builder_version=&#8221;4.27.4&#8243; _module_preset=&#8221;default&#8221; header_text_align=&#8221;center&#8221; header_line_height=&#8221;1.6em&#8221; text_orientation=&#8221;center&#8221; hover_enabled=&#8221;0&#8243; global_colors_info=&#8221;{}&#8221; sticky_enabled=&#8221;0&#8243;][\/et_pb_blurb][\/et_pb_column][\/et_pb_row][et_pb_row column_structure=&#8221;1_2,1_2&#8243; _builder_version=&#8221;4.27.4&#8243; _module_preset=&#8221;default&#8221; global_colors_info=&#8221;{}&#8221;][et_pb_column type=&#8221;1_2&#8243; _builder_version=&#8221;4.27.4&#8243; _module_preset=&#8221;default&#8221; global_colors_info=&#8221;{}&#8221;][et_pb_blurb title=&#8221;Steps away from the Casino&#8221; image=&#8221;https:\/\/micropigma.com\/wp-content\/uploads\/2025\/08\/e97f023d-3659-494e-9860-b12188ca2eb9.png&#8221; icon_placement=&#8221;left&#8221; image_icon_width=&#8221;64px&#8221; content_max_width=&#8221;180px&#8221; _builder_version=&#8221;4.27.4&#8243; _module_preset=&#8221;default&#8221; header_text_align=&#8221;center&#8221; header_font_size=&#8221;18px&#8221; header_line_height=&#8221;1.6em&#8221; text_orientation=&#8221;center&#8221; hover_enabled=&#8221;0&#8243; locked=&#8221;off&#8221; global_colors_info=&#8221;{}&#8221; sticky_enabled=&#8221;0&#8243;][\/et_pb_blurb][\/et_pb_column][et_pb_column type=&#8221;1_2&#8243; _builder_version=&#8221;4.27.4&#8243; _module_preset=&#8221;default&#8221; global_colors_info=&#8221;{}&#8221;][et_pb_blurb title=&#8221;Wellness Experience&#8221; image=&#8221;https:\/\/micropigma.com\/wp-content\/uploads\/2025\/08\/ChatGPT-Image-29-aout-2025-18-h-15-min-00-s.png&#8221; icon_placement=&#8221;left&#8221; image_icon_width=&#8221;64px&#8221; content_max_width=&#8221;180px&#8221; _builder_version=&#8221;4.27.4&#8243; _module_preset=&#8221;default&#8221; header_text_align=&#8221;center&#8221; header_line_height=&#8221;1.6em&#8221; text_orientation=&#8221;center&#8221; hover_enabled=&#8221;0&#8243; global_colors_info=&#8221;{}&#8221; sticky_enabled=&#8221;0&#8243;][\/et_pb_blurb][\/et_pb_column][\/et_pb_row][\/et_pb_section][et_pb_section fb_built=&#8221;1&#8243; _builder_version=&#8221;4.27.4&#8243; _module_preset=&#8221;default&#8221; background_color=&#8221;rgba(32,189,190,0.22)&#8221; custom_padding=&#8221;40px||40px||false|false&#8221; global_colors_info=&#8221;{}&#8221;][et_pb_row column_structure=&#8221;1_3,1_3,1_3&#8243; use_custom_gutter=&#8221;on&#8221; gutter_width=&#8221;2&#8243; _builder_version=&#8221;4.27.4&#8243; _module_preset=&#8221;default&#8221; module_alignment=&#8221;center&#8221; custom_margin_tablet=&#8221;&#8221; custom_margin_phone=&#8221;&#8221; custom_margin_last_edited=&#8221;on|phone&#8221; custom_padding=&#8221;|||15px|false|false&#8221; global_colors_info=&#8221;{}&#8221;][et_pb_column type=&#8221;1_3&#8243; _builder_version=&#8221;4.27.4&#8243; _module_preset=&#8221;default&#8221; global_colors_info=&#8221;{}&#8221;][et_pb_image src=&#8221;https:\/\/micropigma.com\/wp-content\/uploads\/2025\/08\/AdobeStock_219046828-scaled.jpeg&#8221; title_text=&#8221;Permanent make up for red lips of beautiful woman in beauty salon. Beautician doing tattooing lips with red pigment. Close up, selective focus&#8221; _builder_version=&#8221;4.27.4&#8243; _module_preset=&#8221;default&#8221; max_width=&#8221;300px&#8221; border_radii=&#8221;on|10px|10px|10px|10px&#8221; global_colors_info=&#8221;{}&#8221;][\/et_pb_image][\/et_pb_column][et_pb_column type=&#8221;1_3&#8243; _builder_version=&#8221;4.27.4&#8243; _module_preset=&#8221;default&#8221; global_colors_info=&#8221;{}&#8221;][et_pb_image src=&#8221;https:\/\/micropigma.com\/wp-content\/uploads\/2025\/08\/AdobeStock_303199056-scaled.jpeg&#8221; title_text=&#8221;Young woman with handbag and suitcase in an elegant suit walks the hotel corridor to her room.&#8221; _builder_version=&#8221;4.27.4&#8243; _module_preset=&#8221;default&#8221; max_width=&#8221;300px&#8221; border_radii=&#8221;on|10px|10px|10px|10px&#8221; locked=&#8221;off&#8221; global_colors_info=&#8221;{}&#8221;][\/et_pb_image][\/et_pb_column][et_pb_column type=&#8221;1_3&#8243; _builder_version=&#8221;4.27.4&#8243; _module_preset=&#8221;default&#8221; global_colors_info=&#8221;{}&#8221;][et_pb_image src=&#8221;https:\/\/micropigma.com\/wp-content\/uploads\/2025\/08\/smiley-elder-woman-with-make-up-preparing-skin-care-scaled.jpg&#8221; title_text=&#8221;smiley-elder-woman-with-make-up-preparing-skin-care&#8221; _builder_version=&#8221;4.27.4&#8243; _module_preset=&#8221;default&#8221; max_width=&#8221;300px&#8221; border_radii=&#8221;on|10px|10px|10px|10px&#8221; locked=&#8221;off&#8221; global_colors_info=&#8221;{}&#8221;][\/et_pb_image][\/et_pb_column][\/et_pb_row][\/et_pb_section]<\/p>\n","protected":false},"excerpt":{"rendered":"<p>DISCOVER THE MICROPIGMA &amp; HILTON EXPERIENCE &nbsp; Permanent Makeup + Dream Getaway at Hilton Lac-Leamy (double occupancy) From $800 per guest all-inclusiveA Unique Beauty &amp; Luxury Experience Experience the Micropigma &amp; Hilton collaboration: treat yourself to exceptional permanent makeup and extend your beauty journey with a memorable stay at the prestigious Hilton at Casino du [&hellip;]<\/p>\n","protected":false},"author":9,"featured_media":0,"parent":0,"menu_order":0,"comment_status":"closed","ping_status":"closed","template":"","meta":{"_et_pb_use_builder":"on","_et_pb_old_content":"<p>[et_pb_section fb_built=\"1\" fullwidth=\"on\" _builder_version=\"4.27.4\" _module_preset=\"default\" global_colors_info=\"{}\"][et_pb_fullwidth_header text_orientation=\"center\" header_fullscreen=\"on\" button_one_text=\"R\u00c9SERVER MAINTENANT\" button_one_url=\"https:\/\/micropigma.com\/nous-joindre\/\" title_tablet=\"\" title_phone=\"\" title_last_edited=\"on|desktop\" _builder_version=\"4.27.4\" _module_preset=\"default\" content_font=\"Montserrat|700|||||||\" background_image=\"https:\/\/micropigma.com\/wp-content\/uploads\/2025\/09\/image_converted.webp\" custom_button_one=\"on\" button_one_text_color=\"#FFFFFF\" button_one_bg_color=\"#20bdbe\" button_one_border_width=\"0px\" button_one_border_color=\"#20bdbe\" button_one_border_radius=\"10px\" button_one_letter_spacing=\"2px\" button_one_font=\"Archivo|600|||||||\" button_one_custom_margin=\"150px||||false|false\" button_one_custom_padding=\"15px|30px|15px|30px|false|false\" custom_padding=\"||||false|false\" hover_enabled=\"0\" custom_css_free_form=\"@media (max-width: 768px) {|| h1 {|| font-size: 25px;|| }||}\" global_colors_info=\"{}\" button_one_text_color__hover_enabled=\"on|desktop\" button_one_bg_color__hover_enabled=\"on|hover\" button_one_bg_color__hover=\"#404041\" button_one_bg_enable_color__hover=\"on\" button_one_text_color__hover=\"#FFFFFF\" title_text=\"image_converted\" sticky_enabled=\"0\"]<\/p><h1>\u00a0<\/h1><h1>\u00a0<\/h1><h1><strong>OFFREZ-VOUS L\u2019EXP\u00c9RIENCE<\/strong><\/h1><h1><strong>MICROPIGMA & HILTON<\/strong><\/h1><p>\u00a0<\/p><h3>Maquillage permanent + s\u00e9jour de r\u00eave<\/h3><h3>au Hilton du Casino du Lac-Leamy (chambre \u00e0 occupation double)<\/h3><h3>\u00a0<\/h3><h3><span data-teams=\"true\">\u00c0 partir de 800 $ par client(e), tout inclus<\/span><\/h3><p>[\/et_pb_fullwidth_header][\/et_pb_section][et_pb_section fb_built=\"1\" _builder_version=\"4.27.4\" _module_preset=\"default\" global_colors_info=\"{}\"][et_pb_row column_structure=\"1_2,1_2\" _builder_version=\"4.27.4\" _module_preset=\"default\" global_colors_info=\"{}\"][et_pb_column type=\"1_2\" _builder_version=\"4.27.4\" _module_preset=\"default\" global_colors_info=\"{}\"][et_pb_text _builder_version=\"4.27.4\" _module_preset=\"default\" text_font=\"Montserrat||||||||\" global_colors_info=\"{}\"]<\/p><h1><strong>UNE EXP\u00c9RIENCE UNIQUE DE BEAUT\u00c9 ET DE LUXE<\/strong><\/h1><p><strong data-start=\"63\" data-end=\"111\">Venez vivre l\u2019Exp\u00e9rience Micropigma & Hilton<\/strong> : offrez-vous un maquillage permanent d\u2019exception et prolongez cette exp\u00e9rience beaut\u00e9 par un s\u00e9jour m\u00e9morable au prestigieux <strong data-start=\"238\" data-end=\"271\">Hilton du Casino du Lac-Leamy<\/strong>, avec tout le confort d\u2019une chambre \u00e0 occupation double.<br data-start=\"328\" data-end=\"331\" \/>Que vous soyez <strong data-start=\"346\" data-end=\"362\">de la r\u00e9gion<\/strong> ou que vous veniez <strong data-start=\"382\" data-end=\"400\">de l\u2019ext\u00e9rieur<\/strong>, profitez de cette occasion id\u00e9ale pour allier beaut\u00e9, d\u00e9tente et divertissement\u2026 \u00e0 deux pas du Casino !<\/p><p>[\/et_pb_text][\/et_pb_column][et_pb_column type=\"1_2\" _builder_version=\"4.27.4\" _module_preset=\"default\" global_colors_info=\"{}\"][et_pb_image src=\"https:\/\/micropigma.com\/wp-content\/uploads\/2025\/06\/logo-micropigma-optimized.webp\" title_text=\"logo-micropigma-optimized\" align=\"center\" _builder_version=\"4.27.4\" _module_preset=\"default\" max_width=\"200px\" global_colors_info=\"{}\"][\/et_pb_image][et_pb_image src=\"https:\/\/micropigma.com\/wp-content\/uploads\/2025\/08\/HiltonHotelsLogo.svg.png\" title_text=\"HiltonHotelsLogo.svg\" align=\"center\" _builder_version=\"4.27.4\" _module_preset=\"default\" width=\"150px\" global_colors_info=\"{}\"][\/et_pb_image][\/et_pb_column][\/et_pb_row][\/et_pb_section][et_pb_section fb_built=\"1\" _builder_version=\"4.27.4\" _module_preset=\"default\" global_colors_info=\"{}\"][et_pb_row column_structure=\"1_2,1_2\" _builder_version=\"4.27.4\" _module_preset=\"default\" global_colors_info=\"{}\"][et_pb_column type=\"1_2\" _builder_version=\"4.27.4\" _module_preset=\"default\" global_colors_info=\"{}\"][et_pb_blurb title=\"Maquillage permanent\" image=\"https:\/\/micropigma.com\/wp-content\/uploads\/2025\/05\/maintenance-free-1.png\" icon_placement=\"left\" image_icon_width=\"64px\" content_max_width=\"180px\" _builder_version=\"4.27.4\" _module_preset=\"default\" header_text_align=\"center\" header_line_height=\"1.6em\" text_orientation=\"center\" locked=\"off\" global_colors_info=\"{}\"][\/et_pb_blurb][\/et_pb_column][et_pb_column type=\"1_2\" _builder_version=\"4.27.4\" _module_preset=\"default\" global_colors_info=\"{}\"][et_pb_blurb title=\"Nuit au Hilton Lac-Leamy\" image=\"https:\/\/micropigma.com\/wp-content\/uploads\/2025\/09\/2efee8a8-03ee-4b6b-9f1d-4fbc80ac9fcf.png\" icon_placement=\"left\" image_icon_width=\"64px\" content_max_width=\"180px\" _builder_version=\"4.27.4\" _module_preset=\"default\" header_text_align=\"center\" header_line_height=\"1.6em\" text_orientation=\"center\" global_colors_info=\"{}\"][\/et_pb_blurb][\/et_pb_column][\/et_pb_row][et_pb_row column_structure=\"1_2,1_2\" _builder_version=\"4.27.4\" _module_preset=\"default\" global_colors_info=\"{}\"][et_pb_column type=\"1_2\" _builder_version=\"4.27.4\" _module_preset=\"default\" global_colors_info=\"{}\"][et_pb_blurb title=\"\u00c0 deux pas du Casino\" image=\"https:\/\/micropigma.com\/wp-content\/uploads\/2025\/08\/e97f023d-3659-494e-9860-b12188ca2eb9.png\" icon_placement=\"left\" image_icon_width=\"64px\" content_max_width=\"180px\" _builder_version=\"4.27.4\" _module_preset=\"default\" header_text_align=\"center\" header_font_size=\"18px\" header_line_height=\"1.6em\" text_orientation=\"center\" locked=\"off\" global_colors_info=\"{}\"][\/et_pb_blurb][\/et_pb_column][et_pb_column type=\"1_2\" _builder_version=\"4.27.4\" _module_preset=\"default\" global_colors_info=\"{}\"][et_pb_blurb title=\"Exp\u00e9rience bien-\u00eatre\" image=\"https:\/\/micropigma.com\/wp-content\/uploads\/2025\/08\/ChatGPT-Image-29-aout-2025-18-h-15-min-00-s.png\" icon_placement=\"left\" image_icon_width=\"64px\" content_max_width=\"180px\" _builder_version=\"4.27.4\" _module_preset=\"default\" header_text_align=\"center\" header_line_height=\"1.6em\" text_orientation=\"center\" global_colors_info=\"{}\"][\/et_pb_blurb][\/et_pb_column][\/et_pb_row][\/et_pb_section][et_pb_section fb_built=\"1\" _builder_version=\"4.27.4\" _module_preset=\"default\" background_color=\"rgba(32,189,190,0.22)\" custom_padding=\"40px||40px||false|false\" global_colors_info=\"{}\"][et_pb_row column_structure=\"1_3,1_3,1_3\" use_custom_gutter=\"on\" gutter_width=\"2\" _builder_version=\"4.27.4\" _module_preset=\"default\" module_alignment=\"center\" custom_margin_tablet=\"\" custom_margin_phone=\"\" custom_margin_last_edited=\"on|phone\" custom_padding=\"|||15px|false|false\" global_colors_info=\"{}\"][et_pb_column type=\"1_3\" _builder_version=\"4.27.4\" _module_preset=\"default\" global_colors_info=\"{}\"][et_pb_image src=\"https:\/\/micropigma.com\/wp-content\/uploads\/2025\/08\/AdobeStock_219046828-scaled.jpeg\" title_text=\"Permanent make up for red lips of beautiful woman in beauty salon. Beautician doing tattooing lips with red pigment. Close up, selective focus\" _builder_version=\"4.27.4\" _module_preset=\"default\" max_width=\"300px\" border_radii=\"on|10px|10px|10px|10px\" global_colors_info=\"{}\"][\/et_pb_image][\/et_pb_column][et_pb_column type=\"1_3\" _builder_version=\"4.27.4\" _module_preset=\"default\" global_colors_info=\"{}\"][et_pb_image src=\"https:\/\/micropigma.com\/wp-content\/uploads\/2025\/08\/AdobeStock_303199056-scaled.jpeg\" title_text=\"Young woman with handbag and suitcase in an elegant suit walks the hotel corridor to her room.\" _builder_version=\"4.27.4\" _module_preset=\"default\" max_width=\"300px\" border_radii=\"on|10px|10px|10px|10px\" locked=\"off\" global_colors_info=\"{}\"][\/et_pb_image][\/et_pb_column][et_pb_column type=\"1_3\" _builder_version=\"4.27.4\" _module_preset=\"default\" global_colors_info=\"{}\"][et_pb_image src=\"https:\/\/micropigma.com\/wp-content\/uploads\/2025\/08\/smiley-elder-woman-with-make-up-preparing-skin-care-scaled.jpg\" title_text=\"smiley-elder-woman-with-make-up-preparing-skin-care\" _builder_version=\"4.27.4\" _module_preset=\"default\" max_width=\"300px\" border_radii=\"on|10px|10px|10px|10px\" locked=\"off\" global_colors_info=\"{}\"][\/et_pb_image][\/et_pb_column][\/et_pb_row][\/et_pb_section]<\/p>","_et_gb_content_width":"","inline_featured_image":false,"footnotes":""},"yst_prominent_words":[],"class_list":["post-20146","page","type-page","status-publish","hentry"],"_links":{"self":[{"href":"https:\/\/micropigma.com\/en\/wp-json\/wp\/v2\/pages\/20146","targetHints":{"allow":["GET"]}}],"collection":[{"href":"https:\/\/micropigma.com\/en\/wp-json\/wp\/v2\/pages"}],"about":[{"href":"https:\/\/micropigma.com\/en\/wp-json\/wp\/v2\/types\/page"}],"author":[{"embeddable":true,"href":"https:\/\/micropigma.com\/en\/wp-json\/wp\/v2\/users\/9"}],"replies":[{"embeddable":true,"href":"https:\/\/micropigma.com\/en\/wp-json\/wp\/v2\/comments?post=20146"}],"version-history":[{"count":4,"href":"https:\/\/micropigma.com\/en\/wp-json\/wp\/v2\/pages\/20146\/revisions"}],"predecessor-version":[{"id":20153,"href":"https:\/\/micropigma.com\/en\/wp-json\/wp\/v2\/pages\/20146\/revisions\/20153"}],"wp:attachment":[{"href":"https:\/\/micropigma.com\/en\/wp-json\/wp\/v2\/media?parent=20146"}],"wp:term":[{"taxonomy":"yst_prominent_words","embeddable":true,"href":"https:\/\/micropigma.com\/en\/wp-json\/wp\/v2\/yst_prominent_words?post=20146"}],"curies":[{"name":"wp","href":"https:\/\/api.w.org\/{rel}","templated":true}]}}